{"id":38,"date":"2018-06-11T20:04:47","date_gmt":"2018-06-11T18:04:47","guid":{"rendered":"http:\/\/test.ohana-dojo.de\/?page_id=38"},"modified":"2018-07-05T12:16:38","modified_gmt":"2018-07-05T10:16:38","slug":"ein-startseiten-abschnitt","status":"publish","type":"page","link":"https:\/\/ohana-dojo.de\/","title":{"rendered":"\u6b53\u8fce Willkommen"},"content":{"rendered":"<h1>Wilkommen auf der Seite des Ohana-Dojo&#8230; dem Dojo f\u00fcr japanische Kampfkunst der Samurai und Ninja. Hier erf\u00e4hrst du mehr \u00fcber meine Kampfk\u00fcnste, \u00fcber mein Dojo und nat\u00fcrlich \u00fcber mich. Viel Spa\u00df beim durchst\u00f6bern.<\/h1>\n","protected":false},"excerpt":{"rendered":"<p>Wilkommen auf der Seite des Ohana-Dojo&#8230; dem Dojo f\u00fcr japanische Kampfkunst der Samurai und Ninja. Hier erf\u00e4hrst du mehr \u00fcber meine Kampfk\u00fcnste, \u00fcber mein Dojo und nat\u00fcrlich \u00fcber mich. Viel Spa\u00df beim durchst\u00f6bern.<\/p>\n","protected":false},"author":1,"featured_media":0,"parent":0,"menu_order":0,"comment_status":"closed","ping_status":"closed","template":"","meta":{"footnotes":""},"class_list":["post-38","page","type-page","status-publish","hentry"],"_links":{"self":[{"href":"https:\/\/ohana-dojo.de\/index.php\/wp-json\/wp\/v2\/pages\/38","targetHints":{"allow":["GET"]}}],"collection":[{"href":"https:\/\/ohana-dojo.de\/index.php\/wp-json\/wp\/v2\/pages"}],"about":[{"href":"https:\/\/ohana-dojo.de\/index.php\/wp-json\/wp\/v2\/types\/page"}],"author":[{"embeddable":true,"href":"https:\/\/ohana-dojo.de\/index.php\/wp-json\/wp\/v2\/users\/1"}],"replies":[{"embeddable":true,"href":"https:\/\/ohana-dojo.de\/index.php\/wp-json\/wp\/v2\/comments?post=38"}],"version-history":[{"count":7,"href":"https:\/\/ohana-dojo.de\/index.php\/wp-json\/wp\/v2\/pages\/38\/revisions"}],"predecessor-version":[{"id":163,"href":"https:\/\/ohana-dojo.de\/index.php\/wp-json\/wp\/v2\/pages\/38\/revisions\/163"}],"wp:attachment":[{"href":"https:\/\/ohana-dojo.de\/index.php\/wp-json\/wp\/v2\/media?parent=38"}],"curies":[{"name":"wp","href":"https:\/\/api.w.org\/{rel}","templated":true}]}}