{"id":35,"date":"2018-06-11T20:04:47","date_gmt":"2018-06-11T18:04:47","guid":{"rendered":"http:\/\/test.ohana-dojo.de\/?page_id=35"},"modified":"2020-07-04T14:46:37","modified_gmt":"2020-07-04T12:46:37","slug":"ueber-mich","status":"publish","type":"page","link":"https:\/\/ohana-dojo.de\/index.php\/ein-startseiten-abschnitt\/ueber-mich\/","title":{"rendered":"\u00dcber mich"},"content":{"rendered":"<p><a href=\"https:\/\/ohana-dojo.de\/wp-content\/uploads\/IMG_4232.jpg\"><img fetchpriority=\"high\" decoding=\"async\" class=\"alignleft wp-image-114\" src=\"http:\/\/test.ohana-dojo.de\/wp-content\/uploads\/IMG_4232-200x300.jpg\" alt=\"\" width=\"216\" height=\"324\" srcset=\"https:\/\/ohana-dojo.de\/wp-content\/uploads\/IMG_4232-200x300.jpg 200w, https:\/\/ohana-dojo.de\/wp-content\/uploads\/IMG_4232-768x1152.jpg 768w, https:\/\/ohana-dojo.de\/wp-content\/uploads\/IMG_4232-683x1024.jpg 683w\" sizes=\"(max-width: 216px) 100vw, 216px\" \/><\/a>Mein Name ist Stefan Ruckert. Im Jahr 2011 bin\u00a0ich durch Zufall auf Bujinkan gesto\u00dfen. Zu diesem Zeitpunkt wohnte ich gerade im Landkreis Dachau und hatte noch nie etwas vom Bujinkan geh\u00f6rt. Leider war mein erstes Dojo ein Reinfall da ich mich dort \u00fcberhaupt nicht wohl gef\u00fchlt hatte und auch die Traditionen sehr vernachl\u00e4ssigt wurden. Da ich aber trotzdem Blut geleckt hatte und mir die Techniken Spa\u00df machten, suchte ich weiter und wurde f\u00fcndig: der Ninpo Dachau e.V.<\/p>\n<p>Dort wurde ich in einer famili\u00e4ren Atmosph\u00e4re aufgenommen, welche ich auch an meine Sch\u00fcler weitergeben will.<\/p>\n<figure id=\"attachment_200\" aria-describedby=\"caption-attachment-200\" style=\"width: 300px\" class=\"wp-caption alignright\"><a href=\"https:\/\/ohana-dojo.de\/wp-content\/uploads\/IMG_1702.jpg\"><img decoding=\"async\" class=\"wp-image-200 size-medium\" src=\"https:\/\/ohana-dojo.de\/wp-content\/uploads\/IMG_1702-300x200.jpg\" alt=\"\" width=\"300\" height=\"200\" srcset=\"https:\/\/ohana-dojo.de\/wp-content\/uploads\/IMG_1702-300x200.jpg 300w, https:\/\/ohana-dojo.de\/wp-content\/uploads\/IMG_1702-768x512.jpg 768w, https:\/\/ohana-dojo.de\/wp-content\/uploads\/IMG_1702-1024x683.jpg 1024w\" sizes=\"(max-width: 300px) 100vw, 300px\" \/><\/a><figcaption id=\"caption-attachment-200\" class=\"wp-caption-text\">J\u00f6rg Sedler und ich<\/figcaption><\/figure>\n<p>Trainiert habe ich zuerst unter Shihan Michael Schweizer (damals 12.Dan Bujinkan). Dieser h\u00f6rte aber leider nach zwei Jahren mit dem Trainieren auf. So wurde Shihan J\u00f6rg Sedler mein Lehrer (15. Dan Bujinkan, 6. Dan Enbukan). Dieser f\u00fchrte mich auch durch meinen langen beschwerlichen Weg im Bujinkan und Enbukan und machte mich zu dem der ich heute bin. Noch immer verbindet uns eine feste Freundschaft die weit \u00fcber das Training hinaus geht.<\/p>\n<figure style=\"width: 256px\" class=\"wp-caption alignleft\"><a href=\"https:\/\/2.bp.blogspot.com\/-fCiUTvKV8F8\/WZ3OWEwHi8I\/AAAAAAAAEZI\/ff0mmHpbqhgi_gSLsdWhUHhAoNuK_LhvQCEwYBhgL\/s1600\/P1110400.jpg\"><img decoding=\"async\" src=\"https:\/\/2.bp.blogspot.com\/-fCiUTvKV8F8\/WZ3OWEwHi8I\/AAAAAAAAEZI\/ff0mmHpbqhgi_gSLsdWhUHhAoNuK_LhvQCEwYBhgL\/s1600\/P1110400.jpg\" alt=\"\" width=\"256\" height=\"192\" \/><\/a><figcaption class=\"wp-caption-text\">Outdoor-Training mit den Kindern zur Kinder\u00fcbernachtungsparty in Dachau<\/figcaption><\/figure>\n<p>Auch das Training mit Kindern habe ich in Dachau kennen und lieben gelernt. Ein Grund mehr, warum ich dem Verein Ninpo Dachau e.V.\u00a0 immer noch treu bin. Noch heute fahre ich alle paar Wochen zum Training nach Dachau um selber dort mit den Kindern zu trainieren und um von meinem Trainer trainiert zu werden.<\/p>\n<figure style=\"width: 163px\" class=\"wp-caption alignright\"><a href=\"http:\/\/4.bp.blogspot.com\/-2q3B7LdPdeo\/Vjv53EjBQsI\/AAAAAAAAB8w\/yYbYBb3-Dzo\/s1600\/IMG_6360.JPG\"><img loading=\"lazy\" decoding=\"async\" src=\"http:\/\/4.bp.blogspot.com\/-2q3B7LdPdeo\/Vjv53EjBQsI\/AAAAAAAAB8w\/yYbYBb3-Dzo\/s1600\/IMG_6360.JPG\" alt=\"\" width=\"163\" height=\"245\" \/><\/a><figcaption class=\"wp-caption-text\">Japan 2015<\/figcaption><\/figure>\n<p>Im Jahre 2015 durfte ich das erste Mal nach Japan reisen. Dort hatte ich die Gelegenheit mit den gro\u00dfen im Bujinkan zu trainieren (Hatsumi-Sensei, Shiraishi-Sensei, Noguchi-Sensei und Nagato-Sensei welcher mir in Japan den zweiten Dan verliehen hatte). Ebenso durfte ich Enbukan unter dem zweiten und dritten Soke trainieren und viele Eindr\u00fccke aus diesem weit entfernten Land mit seiner anderen Kultur erfahren.<\/p>\n<p>Da ich in der Zwischenzeit aus famili\u00e4ren Gr\u00fcnden wieder zur\u00fcck nach W\u00fcrzburg gezogen bin, konnte ich dem Training in Dachau nicht mehr so oft beiwohnen. Ein neuer Plan entstand: das eigene Dojo.<\/p>\n<p>Ende 2017 war es dann soweit. In den jetzigen R\u00e4umlichkeiten mit 25m\u00b2 Mattenfl\u00e4che habe ich meinen Traum verwirklichen k\u00f6nnen. Das Ohana-Dojo ist entstanden.<\/p>\n<figure id=\"attachment_133\" aria-describedby=\"caption-attachment-133\" style=\"width: 200px\" class=\"wp-caption alignleft\"><a href=\"https:\/\/ohana-dojo.de\/wp-content\/uploads\/IMG_6272.jpg\"><img loading=\"lazy\" decoding=\"async\" class=\"wp-image-133 size-medium\" src=\"https:\/\/ohana-dojo.de\/wp-content\/uploads\/IMG_6272-200x300.jpg\" alt=\"\" width=\"200\" height=\"300\" srcset=\"https:\/\/ohana-dojo.de\/wp-content\/uploads\/IMG_6272-200x300.jpg 200w, https:\/\/ohana-dojo.de\/wp-content\/uploads\/IMG_6272-768x1152.jpg 768w, https:\/\/ohana-dojo.de\/wp-content\/uploads\/IMG_6272-683x1024.jpg 683w\" sizes=\"(max-width: 200px) 100vw, 200px\" \/><\/a><figcaption id=\"caption-attachment-133\" class=\"wp-caption-text\">Phillip Legare (links), J\u00f6rg Sedler (rechts) und ich nach meiner Pr\u00fcfung zum Godan 2018<\/figcaption><\/figure>\n<p>2018 ging es f\u00fcr mich wieder nach Japan. Dieses Mal hatte ich die Ehre den\u00a0<span style=\"font-size: 1rem;\">Godan-Test (Pr\u00fcfung zum 5. Dan) machen zu d\u00fcrfen und zu bestehen. Zus\u00e4tzlich wurde mir in Japan der 4. Dan im Enbukan von San-Soke Machita verliehen. Seitdem versuche ich mein Wissen im Bujinkan und im Enbukan noch mehr zu erweitern und an wissbegierige Sch\u00fcler weiter zu geben.<\/span><\/p>\n<p>Hier noch ein paar Informationen zu den Japanaufenthalten und den Seminaren des Ninpo-Dachau e.V. auf der Blogseite:<\/p>\n<p><a href=\"http:\/\/www.Ninpo-Dachau.Blogspot.com\" target=\"_blank\" rel=\"noopener noreferrer\">www.Ninpo-Dachau.Blogspot.com<\/a>:<\/p>\n<p>Japan 2015 (ff): <a href=\"http:\/\/ninpo-dachau.blogspot.com\/2015\/10\/startschuss-japan-2015.html\" target=\"_blank\" rel=\"noopener noreferrer\">http:\/\/ninpo-dachau.blogspot.com\/2015\/10\/startschuss-japan-2015.html<\/a><\/p>\n<p>Japan 2018\u00a0(ff): <a href=\"http:\/\/ninpo-dachau.blogspot.com\/2018\/05\/auf-dem-weg-ins-land-der-aufgehenden.html\" target=\"_blank\" rel=\"noopener noreferrer\">http:\/\/ninpo-dachau.blogspot.com\/2018\/05\/auf-dem-weg-ins-land-der-aufgehenden.html<\/a><\/p>\n","protected":false},"excerpt":{"rendered":"<p>Mein Name ist Stefan Ruckert. Im Jahr 2011 bin\u00a0ich durch Zufall auf Bujinkan gesto\u00dfen. Zu diesem Zeitpunkt wohnte ich gerade im Landkreis Dachau und hatte noch nie etwas vom Bujinkan geh\u00f6rt. Leider war mein erstes Dojo ein Reinfall da ich mich dort \u00fcberhaupt nicht wohl gef\u00fchlt hatte und auch die Traditionen sehr vernachl\u00e4ssigt wurden. Da &hellip; <\/p>\n<p class=\"link-more\"><a href=\"https:\/\/ohana-dojo.de\/index.php\/ein-startseiten-abschnitt\/ueber-mich\/\" class=\"more-link\"><span class=\"screen-reader-text\">\u201e\u00dcber mich\u201c<\/span> weiterlesen<\/a><\/p>\n","protected":false},"author":1,"featured_media":0,"parent":38,"menu_order":0,"comment_status":"closed","ping_status":"closed","template":"","meta":{"footnotes":""},"class_list":["post-35","page","type-page","status-publish","hentry"],"_links":{"self":[{"href":"https:\/\/ohana-dojo.de\/index.php\/wp-json\/wp\/v2\/pages\/35","targetHints":{"allow":["GET"]}}],"collection":[{"href":"https:\/\/ohana-dojo.de\/index.php\/wp-json\/wp\/v2\/pages"}],"about":[{"href":"https:\/\/ohana-dojo.de\/index.php\/wp-json\/wp\/v2\/types\/page"}],"author":[{"embeddable":true,"href":"https:\/\/ohana-dojo.de\/index.php\/wp-json\/wp\/v2\/users\/1"}],"replies":[{"embeddable":true,"href":"https:\/\/ohana-dojo.de\/index.php\/wp-json\/wp\/v2\/comments?post=35"}],"version-history":[{"count":21,"href":"https:\/\/ohana-dojo.de\/index.php\/wp-json\/wp\/v2\/pages\/35\/revisions"}],"predecessor-version":[{"id":247,"href":"https:\/\/ohana-dojo.de\/index.php\/wp-json\/wp\/v2\/pages\/35\/revisions\/247"}],"up":[{"embeddable":true,"href":"https:\/\/ohana-dojo.de\/index.php\/wp-json\/wp\/v2\/pages\/38"}],"wp:attachment":[{"href":"https:\/\/ohana-dojo.de\/index.php\/wp-json\/wp\/v2\/media?parent=35"}],"curies":[{"name":"wp","href":"https:\/\/api.w.org\/{rel}","templated":true}]}}