{"id":137,"date":"2018-07-04T22:02:15","date_gmt":"2018-07-04T20:02:15","guid":{"rendered":"http:\/\/test.ohana-dojo.de\/?page_id=137"},"modified":"2020-07-04T14:43:47","modified_gmt":"2020-07-04T12:43:47","slug":"enbukan","status":"publish","type":"page","link":"https:\/\/ohana-dojo.de\/index.php\/enbukan\/","title":{"rendered":"\u5186\u6b66\u9928 Enbukan"},"content":{"rendered":"<h1><strong>\u5186\u6b66\u9928\u3000Enbukan \/ Battojutsu<\/strong><\/h1>\n<p>Eine besondere Ehre und damit Aufgabe ist es f\u00fcr uns, eine der wenigen offiziell aus Japan bef\u00e4higten Schulen der Samurai-Schwertkunstschule &#8222;Enshin Itto Ryu Battojutsu&#8220; zu sein.<\/p>\n<p><a href=\"https:\/\/ohana-dojo.de\/wp-content\/uploads\/IMG_6786.jpg\"><img fetchpriority=\"high\" decoding=\"async\" class=\"alignleft wp-image-158 size-medium\" src=\"https:\/\/ohana-dojo.de\/wp-content\/uploads\/IMG_6786-300x200.jpg\" alt=\"\" width=\"300\" height=\"200\" srcset=\"https:\/\/ohana-dojo.de\/wp-content\/uploads\/IMG_6786-300x200.jpg 300w, https:\/\/ohana-dojo.de\/wp-content\/uploads\/IMG_6786-768x512.jpg 768w, https:\/\/ohana-dojo.de\/wp-content\/uploads\/IMG_6786-1024x683.jpg 1024w\" sizes=\"(max-width: 300px) 100vw, 300px\" \/><\/a>M\u00f6glich ist dies \u00fcberhaupt nur durch das regelm\u00e4\u00dfige Training und die Unterweisung im Honbu-Dojo in Japan durch Soke Kenshinsai Machita und San-Soke Takeshi Machita Fudoshin. Auch deshalb trainiert mein hoch geehrter Schwertmeister JouiShihan J\u00f6rg Sedler als aufgenommenes Familienmitglied der Machitafamilie mehrmals im Jahr mit Soke in Japan und Deutschland. Er pflegt eine tiefe Freundschaft zur Sokefamilie, insbesondere zu dem 3. Soke, wie auch intensive Freundschaften und Partnerschaften zu weiteren Dojos, Sch\u00fclern und Meistern des Enbukan.<\/p>\n<p>Enbukan Battojutsu ist der zusammenfassende Begriff f\u00fcr einige alte Schulen japanischer Kampfkunst einschlie\u00dflich der Schwertkunst-Schule &#8222;Enshin Itto Ryu&#8220; der Machita-Familie.<\/p>\n<p>Entgegen andere moderne Kampfk\u00fcnste, wurde im Enbukan stets Wert auf die Pflege der originalen Formen und Traditionen gelegt. Das System legt dabei den Fokus auf die klassische japanische Schwertkampfkunst, die folgende Schulen beinhaltet:<\/p>\n<ul>\n<li>Enshin Itto Ryu Battojutsu<\/li>\n<li>Jigen Ryu Battojutsu<\/li>\n<li>Muso Shinden Fudo Ikken Ryu Battojutsu<\/li>\n<li>Nen Ryu Battojutsu<\/li>\n<li>Mugai Ryu Battojutsu<\/li>\n<\/ul>\n<p>Enbukantraining ist au\u00dferhalb von Japan kaum verbreitet, so dass es \u00fcberhaupt nur eine sehr geringe Anzahl an Dojos au\u00dferhalb von Japan gibt, die sich in direkter Unterweisung von Soke Kenshinsai Machita befinden. Nur einzelne Sch\u00fcler werden dabei berechtigt, bestimmte Schulen zu unterrichten. Die meisten der Enbukanschulen au\u00dferhalb Japans unterrichten Schwertschulen, die gekennzeichnet sind durch die Fokussierung auf Schwertziehen (nukiuchi), Schneiden (giri) und Zur\u00fcckf\u00fchren (noto) des Schwertes in die Schwertscheide (saya), genannt Battojutsu.<\/p>\n<p>Schwerttraining in Enbukan betont die Anwendung der Techniken, korrektes Verst\u00e4ndnis der historischen Prinzipien der Schule, so wie auch die esoterischen oder spirituellen Elemente, die durch ein ausdauerndes Training kommen.<\/p>\n<h1><strong>Historisches<\/strong>:<\/h1>\n<p>Der Machita-Clan diente unter dem Tokugawa-Shogunat und sind eine respektierte Samurai-Familie. Auf m\u00fctterlicher Seite hat der Tagyu-Clan unter den Aizu-Clan gedient. Nach der Niederlage im Saccho Aizu Boshin Krieg, flohen die Vorfahren des Machita-Clans nach Hitachinaka (heute der Ibaraki Bezirk) Sukegawa und entwickelten Bugei Ryu Sogo Budo, ihre Technik, der klassischen japanischen Kampfkunst, welches heute als Enbukan bekannt ist.<\/p>\n<h1><strong><a href=\"https:\/\/ohana-dojo.de\/wp-content\/uploads\/Ninpo-Dachau_Enbukan_Shihan_Haddad_Soshihan_Machita_Shihan_Sedler.jpg\"><img decoding=\"async\" class=\"alignright wp-image-243 size-medium\" src=\"https:\/\/ohana-dojo.de\/wp-content\/uploads\/Ninpo-Dachau_Enbukan_Shihan_Haddad_Soshihan_Machita_Shihan_Sedler-300x229.jpg\" alt=\"\" width=\"300\" height=\"229\" srcset=\"https:\/\/ohana-dojo.de\/wp-content\/uploads\/Ninpo-Dachau_Enbukan_Shihan_Haddad_Soshihan_Machita_Shihan_Sedler-300x229.jpg 300w, https:\/\/ohana-dojo.de\/wp-content\/uploads\/Ninpo-Dachau_Enbukan_Shihan_Haddad_Soshihan_Machita_Shihan_Sedler-768x585.jpg 768w, https:\/\/ohana-dojo.de\/wp-content\/uploads\/Ninpo-Dachau_Enbukan_Shihan_Haddad_Soshihan_Machita_Shihan_Sedler.jpg 854w\" sizes=\"(max-width: 300px) 100vw, 300px\" \/><\/a><\/strong><\/h1>\n<p>Gro\u00dfmeister Kenshinsai Machita und sein Sohn und Nachfolger San-Soke Takeshi Machita Fudoshin f\u00fchren die &#8222;Enbukan World Organisation&#8220; in Nodashi, Japan. Kancho, wie er gern genannt wird, ist Gro\u00dfmeister mehrerer dieser Schulen und besitzt Menkyo Kaiden (Lehrberechtigung) in den restlichen. Die Schulen des Enbukan sind ihm von seinem Vater vererbt und werden immer an den Nachfolger weitergegeben.<\/p>\n<p>San-Soke Takeshi Machita Fudoshin trainiert, lehrt und fungiert als designierter Gro\u00dfmeister des Enbukans und widmet sich den traditionellen Wegen des Lehrens und Trainierens. Der Schwerpunkt liegt\u00a0dabei im genauen Weiterreichen der realistischen und lehrreichen Traditionen der japanischen Kriegskunst. Kancho Machita ist au\u00dferdem ein Shingon Priester und Takeshi ist auf dem besten Weg ihm auf diesem Weg zu folgen.<\/p>\n<p>Obwohl der Schwertkampf heute nicht mehr ausge\u00fcbt wird, kann man dessen Prinzipien auf unsere allt\u00e4gliches Leben anwenden und mit dessen Hilfe andere Kampfk\u00fcnste unterst\u00fctzen.<\/p>\n<p>Der Fokus im Battojutsu ist es, sich damit zu befassen was man braucht, Pr\u00e4zession und Geschwindigkeit; die \u00dcbung des geraden und schnellen Schneidens. Dabei wird die Wichtigkeit der richtigen Balance, K\u00f6rperhaltung und Positionierung schnell klar. Der Schwerpunkt liegt dabei auf dem extrem schnellen Ziehen und Schneiden.<\/p>\n<p>Das Schwerttraining des Enbukan betont die Nutzung und das korrekte Verst\u00e4ndnis der historischen Prinzipien dieser Schule, genauso wie die esoterischen und spirituellen Elemente die mit Langzeittraining einher gehen.<\/p>\n<p>Die Philopsophie dahinter ist es, das Schwert als Verl\u00e4ngerung des K\u00f6rpers zu betrachten. Die Entwicklung des Geistes ist das Kritische, bei der Verbindung von K\u00f6rper und Seele, um die Genauigkeit der Absicht, die Darstelllung von Energie, das Einswerden mit dem Innersten und den tiefen \u00fcberlebenswillen, zu erreichen.<\/p>\n<p>Frei \u00fcbersetzt nach:\u00a0<a href=\"http:\/\/www.livingtheway.com\/\" target=\"_blank\" rel=\"noopener noreferrer\">www.livingtheway.com<\/a><\/p>\n","protected":false},"excerpt":{"rendered":"<p>\u5186\u6b66\u9928\u3000Enbukan \/ Battojutsu Eine besondere Ehre und damit Aufgabe ist es f\u00fcr uns, eine der wenigen offiziell aus Japan bef\u00e4higten Schulen der Samurai-Schwertkunstschule &#8222;Enshin Itto Ryu Battojutsu&#8220; zu sein. M\u00f6glich ist dies \u00fcberhaupt nur durch das regelm\u00e4\u00dfige Training und die Unterweisung im Honbu-Dojo in Japan durch Soke Kenshinsai Machita und San-Soke Takeshi Machita Fudoshin. Auch &hellip; <\/p>\n<p class=\"link-more\"><a href=\"https:\/\/ohana-dojo.de\/index.php\/enbukan\/\" class=\"more-link\"><span class=\"screen-reader-text\">\u201e\u5186\u6b66\u9928 Enbukan\u201c<\/span> weiterlesen<\/a><\/p>\n","protected":false},"author":1,"featured_media":0,"parent":0,"menu_order":0,"comment_status":"closed","ping_status":"closed","template":"","meta":{"footnotes":""},"class_list":["post-137","page","type-page","status-publish","hentry"],"_links":{"self":[{"href":"https:\/\/ohana-dojo.de\/index.php\/wp-json\/wp\/v2\/pages\/137","targetHints":{"allow":["GET"]}}],"collection":[{"href":"https:\/\/ohana-dojo.de\/index.php\/wp-json\/wp\/v2\/pages"}],"about":[{"href":"https:\/\/ohana-dojo.de\/index.php\/wp-json\/wp\/v2\/types\/page"}],"author":[{"embeddable":true,"href":"https:\/\/ohana-dojo.de\/index.php\/wp-json\/wp\/v2\/users\/1"}],"replies":[{"embeddable":true,"href":"https:\/\/ohana-dojo.de\/index.php\/wp-json\/wp\/v2\/comments?post=137"}],"version-history":[{"count":13,"href":"https:\/\/ohana-dojo.de\/index.php\/wp-json\/wp\/v2\/pages\/137\/revisions"}],"predecessor-version":[{"id":244,"href":"https:\/\/ohana-dojo.de\/index.php\/wp-json\/wp\/v2\/pages\/137\/revisions\/244"}],"wp:attachment":[{"href":"https:\/\/ohana-dojo.de\/index.php\/wp-json\/wp\/v2\/media?parent=137"}],"curies":[{"name":"wp","href":"https:\/\/api.w.org\/{rel}","templated":true}]}}