{"id":128,"date":"2018-07-04T20:16:01","date_gmt":"2018-07-04T18:16:01","guid":{"rendered":"http:\/\/test.ohana-dojo.de\/?page_id=128"},"modified":"2026-03-05T11:25:47","modified_gmt":"2026-03-05T10:25:47","slug":"kontakt","status":"publish","type":"page","link":"https:\/\/ohana-dojo.de\/index.php\/kontakt\/","title":{"rendered":"Kontakt \/ Impressum"},"content":{"rendered":"\n<p class=\"has-medium-font-size\"><strong>Impressum<\/strong><\/p>\n\n\nStefan Ruckert<br \/>Paradeisstra\u00dfe 5<br \/>97262 HAUSEN B. W\u00dcRZBURG<br \/>Deutschland<br \/>Email: <a href=\"mailto:Info@ohana-dojo.de\">Info@ohana-dojo.de<\/a><br \/>Telefon: 01719992302<br \/><p>Verantwortlich f\u00fcr den Inhalt: Stefan Ruckert<\/p>\n\n\n<p class=\"has-medium-font-size\"><strong>Copyright<\/strong><\/p>\n\n\n\n<p>Alle Rechte vorbehalten. Grafiken, Bilder, Texte sowie deren Anordnung auf dieser Webseite unterliegen dem Schutz des Urheberrechts und anderer Schutzgesetze. Der Inhalt dieser Internetseite darf nicht zu kommerziellen Zwecken kopiert, verbreitet, ver\u00e4ndert oder Dritten zug\u00e4nglich gemacht werden.<\/p>\n\n\n\n<p class=\"has-medium-font-size\"><strong>Hinweis zu Nutung<\/strong><\/p>\n\n\n\n<p>Die Nutzung unserer Webseite ist in der Regel ohne Angabe personenbezogener Daten m\u00f6glich. Soweit auf unseren Seiten personenbezogene Daten (beispielsweise Name, Anschrift oder eMail-Adressen) erhoben werden, erfolgt dies, soweit m\u00f6glich, stets auf freiwilliger Basis. Diese Daten werden ohne Ihre ausdr\u00fcckliche Zustimmung nicht an Dritte weitergegeben.<\/p>\n\n\n\n<p>Wir weisen darauf hin, dass die Daten\u00fcbertragung im Internet (z.B. bei der Kommunikation per E-Mail) Sicherheitsl\u00fccken aufweisen kann. Ein l\u00fcckenloser Schutz der Daten vor dem Zugriff durch Dritte ist nicht m\u00f6glich. Der Nutzung von im Rahmen der Impressumspflicht ver\u00f6ffentlichten Kontaktdaten durch Dritte zur \u00dcbersendung von nicht ausdr\u00fccklich angeforderter Werbung und Informationsmaterialien wird hiermit ausdr\u00fccklich widersprochen. Die Betreiber der Seiten behalten sich ausdr\u00fccklich rechtliche Schritte im Falle der unverlangten Zusendung von Werbeinformationen, etwa durch Spam-Mails, vor. <\/p>\n","protected":false},"excerpt":{"rendered":"<p>Impressum Copyright Alle Rechte vorbehalten. Grafiken, Bilder, Texte sowie deren Anordnung auf dieser Webseite unterliegen dem Schutz des Urheberrechts und anderer Schutzgesetze. Der Inhalt dieser Internetseite darf nicht zu kommerziellen Zwecken kopiert, verbreitet, ver\u00e4ndert oder Dritten zug\u00e4nglich gemacht werden. Hinweis zu Nutung Die Nutzung unserer Webseite ist in der Regel ohne Angabe personenbezogener Daten m\u00f6glich. &hellip; <\/p>\n<p class=\"link-more\"><a href=\"https:\/\/ohana-dojo.de\/index.php\/kontakt\/\" class=\"more-link\"><span class=\"screen-reader-text\">\u201eKontakt \/ Impressum\u201c<\/span> weiterlesen<\/a><\/p>\n","protected":false},"author":1,"featured_media":0,"parent":0,"menu_order":0,"comment_status":"closed","ping_status":"closed","template":"","meta":{"footnotes":""},"class_list":["post-128","page","type-page","status-publish","hentry"],"_links":{"self":[{"href":"https:\/\/ohana-dojo.de\/index.php\/wp-json\/wp\/v2\/pages\/128","targetHints":{"allow":["GET"]}}],"collection":[{"href":"https:\/\/ohana-dojo.de\/index.php\/wp-json\/wp\/v2\/pages"}],"about":[{"href":"https:\/\/ohana-dojo.de\/index.php\/wp-json\/wp\/v2\/types\/page"}],"author":[{"embeddable":true,"href":"https:\/\/ohana-dojo.de\/index.php\/wp-json\/wp\/v2\/users\/1"}],"replies":[{"embeddable":true,"href":"https:\/\/ohana-dojo.de\/index.php\/wp-json\/wp\/v2\/comments?post=128"}],"version-history":[{"count":11,"href":"https:\/\/ohana-dojo.de\/index.php\/wp-json\/wp\/v2\/pages\/128\/revisions"}],"predecessor-version":[{"id":302,"href":"https:\/\/ohana-dojo.de\/index.php\/wp-json\/wp\/v2\/pages\/128\/revisions\/302"}],"wp:attachment":[{"href":"https:\/\/ohana-dojo.de\/index.php\/wp-json\/wp\/v2\/media?parent=128"}],"curies":[{"name":"wp","href":"https:\/\/api.w.org\/{rel}","templated":true}]}}